{"id":796,"date":"2021-01-11T11:28:33","date_gmt":"2021-01-11T11:28:33","guid":{"rendered":"http:\/\/suntextmeetings.com\/nephrology\/?page_id=796"},"modified":"2026-01-30T12:20:43","modified_gmt":"2026-01-30T12:20:43","slug":"speakers","status":"publish","type":"page","link":"https:\/\/suntextmeetings.com\/pediatric\/speakers\/","title":{"rendered":"Speakers"},"content":{"rendered":"<p>[vc_row full_width=&#8221;0&#8243; full_height=&#8221;0&#8243; row_padding=&#8221;no_padding&#8221; particles=&#8221;0&#8243;][vc_column]<div class=\"team_members_grid row\">\r\n\r\n\r\n    <div class=\"col-sm-6 col-md-3\">\r\n      <div class=\"team_member teaser_box centered same_height_col \">\r\n        \r\n        <a href=\"https:\/\/suntextmeetings.com\/pediatric\/profile\/antonio-foz-romao\/\" style=\"background-image: url('https:\/\/suntextmeetings.com\/pediatric\/wp-content\/uploads\/sites\/53\/2025\/12\/WhatsApp-Image-2025-12-29-at-9.09.01-PM-642x1024.jpeg')\" data-colorset=\"\" class=\" figure stretchy_wrapper ratio_1-1\"><\/a>\r\n        \r\n        <div class=\"content boxed  with_button \">\r\n\r\n          <div class=\"hgroup\">\r\n            <h4>Ant\u00f3nio Foz Rom\u00e3o<\/h4>\r\n             <p>Member of the National Commission for Women\u2019s, Children\u2019s, and Adolescents\u2019 Health, Portugal<\/p> \r\n          <\/div>\r\n\r\n          <div class=\"team_social\">\r\n          <\/div>\r\n\r\n          <div class=\"desc\">       \r\n            <p>Physician specialized in Family and General Medicine. President of the Clinical Council of ACES Oeste Norte from March 2009 to January 2013. Director  [...]<\/p>\r\n          <\/div>\r\n\r\n          <div class=\"link\">\r\n            <a href=\"https:\/\/suntextmeetings.com\/pediatric\/profile\/antonio-foz-romao\/\" data-colorset=\"\" class=\" btn btn-xs btn-primary\">More<\/a>\r\n          <\/div>\r\n\r\n        <\/div>\r\n\r\n      <\/div>\r\n    <\/div>\r\n\r\n\r\n    <div class=\"col-sm-6 col-md-3\">\r\n      <div class=\"team_member teaser_box centered same_height_col \">\r\n        \r\n        <a href=\"https:\/\/suntextmeetings.com\/pediatric\/profile\/dora-silvina-gutierrez\/\" style=\"background-image: url('https:\/\/suntextmeetings.com\/pediatric\/wp-content\/uploads\/sites\/53\/2026\/01\/WhatsApp-Image-2026-01-16-at-11.31.22-PM-e1768619422217.jpeg')\" data-colorset=\"\" class=\" figure stretchy_wrapper ratio_1-1\"><\/a>\r\n        \r\n        <div class=\"content boxed  with_button \">\r\n\r\n          <div class=\"hgroup\">\r\n            <h4>Dora Silvina Guti\u00e9rrez<\/h4>\r\n             <p>University of Buenos Aires, Argentina<\/p> \r\n          <\/div>\r\n\r\n          <div class=\"team_social\">\r\n          <\/div>\r\n\r\n          <div class=\"desc\">       \r\n            <p>Dr. Dora Silvina Guti\u00e9rrez Pediatrician specializing in pediatric intensive care. Head of the Intensive Care Unit at the Jos\u00e9 de San Mart\u00edn Clinica [...]<\/p>\r\n          <\/div>\r\n\r\n          <div class=\"link\">\r\n            <a href=\"https:\/\/suntextmeetings.com\/pediatric\/profile\/dora-silvina-gutierrez\/\" data-colorset=\"\" class=\" btn btn-xs btn-primary\">More<\/a>\r\n          <\/div>\r\n\r\n        <\/div>\r\n\r\n      <\/div>\r\n    <\/div>\r\n\r\n\r\n    <div class=\"col-sm-6 col-md-3\">\r\n      <div class=\"team_member teaser_box centered same_height_col \">\r\n        \r\n        <a href=\"https:\/\/suntextmeetings.com\/pediatric\/profile\/ermira-kola\/\" style=\"background-image: url('https:\/\/suntextmeetings.com\/pediatric\/wp-content\/uploads\/sites\/53\/2026\/01\/photo.jpg')\" data-colorset=\"\" class=\" figure stretchy_wrapper ratio_1-1\"><\/a>\r\n        \r\n        <div class=\"content boxed  with_button \">\r\n\r\n          <div class=\"hgroup\">\r\n            <h4>Ermira Kola<\/h4>\r\n             <p>Pediatric Intensive Care at the University of Medicine, Albania<\/p> \r\n          <\/div>\r\n\r\n          <div class=\"team_social\">\r\n          <\/div>\r\n\r\n          <div class=\"desc\">       \r\n            <p>I am Ermira Kola, MD, PhD, Professor of Pediatrics, Neonatology, and Pediatric Intensive Care at the University of Medicine, Tirana, Albania. I have o [...]<\/p>\r\n          <\/div>\r\n\r\n          <div class=\"link\">\r\n            <a href=\"https:\/\/suntextmeetings.com\/pediatric\/profile\/ermira-kola\/\" data-colorset=\"\" class=\" btn btn-xs btn-primary\">More<\/a>\r\n          <\/div>\r\n\r\n        <\/div>\r\n\r\n      <\/div>\r\n    <\/div>\r\n\r\n\r\n    <div class=\"col-sm-6 col-md-3\">\r\n      <div class=\"team_member teaser_box centered same_height_col \">\r\n        \r\n        <a href=\"https:\/\/suntextmeetings.com\/pediatric\/profile\/florencia-sanabria\/\" style=\"background-image: url('https:\/\/suntextmeetings.com\/pediatric\/wp-content\/uploads\/sites\/53\/2025\/10\/foto-985x1024.jpg')\" data-colorset=\"\" class=\" figure stretchy_wrapper ratio_1-1\"><\/a>\r\n        \r\n        <div class=\"content boxed  with_button \">\r\n\r\n          <div class=\"hgroup\">\r\n            <h4>Florencia Sanabria<\/h4>\r\n             <p>Child Psychiatrist \u2013 Neurodevelopment Specialist, Argentina<\/p> \r\n          <\/div>\r\n\r\n          <div class=\"team_social\">\r\n          <\/div>\r\n\r\n          <div class=\"desc\">       \r\n            <p>\u00a0Florencia Sanabria, M.D. \u2013 pediatrician, child and adolescent psychiatrist, and clinical nutritionist. Clinical researcher specializing in neurode [...]<\/p>\r\n          <\/div>\r\n\r\n          <div class=\"link\">\r\n            <a href=\"https:\/\/suntextmeetings.com\/pediatric\/profile\/florencia-sanabria\/\" data-colorset=\"\" class=\" btn btn-xs btn-primary\">More<\/a>\r\n          <\/div>\r\n\r\n        <\/div>\r\n\r\n      <\/div>\r\n    <\/div>\r\n\r\n\r\n    <div class=\"col-sm-6 col-md-3\">\r\n      <div class=\"team_member teaser_box centered same_height_col \">\r\n        \r\n        <a href=\"https:\/\/suntextmeetings.com\/pediatric\/profile\/ilirjana-klironomi\/\" style=\"background-image: url('https:\/\/suntextmeetings.com\/pediatric\/wp-content\/uploads\/sites\/53\/2026\/01\/WhatsApp-Image-2026-01-09-at-6.23.46-PM.jpeg')\" data-colorset=\"\" class=\" figure stretchy_wrapper ratio_1-1\"><\/a>\r\n        \r\n        <div class=\"content boxed  with_button \">\r\n\r\n          <div class=\"hgroup\">\r\n            <h4>Ilirjana Bakalli (Klironomi)<\/h4>\r\n             <p>Pediatric Intensive Care at the University of Medicine, Albania<\/p> \r\n          <\/div>\r\n\r\n          <div class=\"team_social\">\r\n          <\/div>\r\n\r\n          <div class=\"desc\">       \r\n            <p>Prof. Dr. Ilirjana Bakalli (Klironomi) is a Professor at the University of Medicine, Tirana, Albania, and Vice Dean of the Faculty of Medicine. She is [...]<\/p>\r\n          <\/div>\r\n\r\n          <div class=\"link\">\r\n            <a href=\"https:\/\/suntextmeetings.com\/pediatric\/profile\/ilirjana-klironomi\/\" data-colorset=\"\" class=\" btn btn-xs btn-primary\">More<\/a>\r\n          <\/div>\r\n\r\n        <\/div>\r\n\r\n      <\/div>\r\n    <\/div>\r\n\r\n\r\n    <div class=\"col-sm-6 col-md-3\">\r\n      <div class=\"team_member teaser_box centered same_height_col \">\r\n        \r\n        <a href=\"https:\/\/suntextmeetings.com\/pediatric\/profile\/jeshua-wandherley-dos-santos-ramirez\/\" style=\"background-image: url('https:\/\/suntextmeetings.com\/pediatric\/wp-content\/uploads\/sites\/53\/2025\/08\/WhatsApp-Image-2025-08-20-at-7.08.54-AM-768x1024.jpeg')\" data-colorset=\"\" class=\" figure stretchy_wrapper ratio_1-1\"><\/a>\r\n        \r\n        <div class=\"content boxed  with_button \">\r\n\r\n          <div class=\"hgroup\">\r\n            <h4>J\u00e9shua Wandherley Dos Santos Ram\u00edrez<\/h4>\r\n             <p>University of San Carlos of Guatemala, Guatemala<\/p> \r\n          <\/div>\r\n\r\n          <div class=\"team_social\">\r\n          <\/div>\r\n\r\n          <div class=\"desc\">       \r\n            <p>STUDIES AND ACADEMIC DEGREES OBTAINED Fellowship in oncologic surgery at INCAN, Guatemala Master of general surgery at Hospital Roosevelt, Guatemala M [...]<\/p>\r\n          <\/div>\r\n\r\n          <div class=\"link\">\r\n            <a href=\"https:\/\/suntextmeetings.com\/pediatric\/profile\/jeshua-wandherley-dos-santos-ramirez\/\" data-colorset=\"\" class=\" btn btn-xs btn-primary\">More<\/a>\r\n          <\/div>\r\n\r\n        <\/div>\r\n\r\n      <\/div>\r\n    <\/div>\r\n\r\n\r\n    <div class=\"col-sm-6 col-md-3\">\r\n      <div class=\"team_member teaser_box centered same_height_col \">\r\n        \r\n        <a href=\"https:\/\/suntextmeetings.com\/pediatric\/profile\/joseph-schulman\/\" style=\"background-image: url('https:\/\/suntextmeetings.com\/pediatric\/wp-content\/uploads\/sites\/53\/2025\/09\/Joseph-Schulman.jpg')\" data-colorset=\"\" class=\" figure stretchy_wrapper ratio_1-1\"><\/a>\r\n        \r\n        <div class=\"content boxed  with_button \">\r\n\r\n          <div class=\"hgroup\">\r\n            <h4>Joseph Schulman<\/h4>\r\n             <p>California Department of Health Care Services, USA<\/p> \r\n          <\/div>\r\n\r\n          <div class=\"team_social\">\r\n          <\/div>\r\n\r\n          <div class=\"desc\">       \r\n            <p>Dr. Schulman is a neonatologist and Public Health Medical Officer with the California Department of Health Care Services, especially focusing on clini [...]<\/p>\r\n          <\/div>\r\n\r\n          <div class=\"link\">\r\n            <a href=\"https:\/\/suntextmeetings.com\/pediatric\/profile\/joseph-schulman\/\" data-colorset=\"\" class=\" btn btn-xs btn-primary\">More<\/a>\r\n          <\/div>\r\n\r\n        <\/div>\r\n\r\n      <\/div>\r\n    <\/div>\r\n\r\n\r\n    <div class=\"col-sm-6 col-md-3\">\r\n      <div class=\"team_member teaser_box centered same_height_col \">\r\n        \r\n        <a href=\"https:\/\/suntextmeetings.com\/pediatric\/profile\/maria-boratynska\/\" style=\"background-image: url('https:\/\/suntextmeetings.com\/pediatric\/wp-content\/uploads\/sites\/53\/2025\/07\/Maria-Boratynska-KADR.jpg')\" data-colorset=\"\" class=\" figure stretchy_wrapper ratio_1-1\"><\/a>\r\n        \r\n        <div class=\"content boxed  with_button \">\r\n\r\n          <div class=\"hgroup\">\r\n            <h4>Maria Boraty\u0144ska<\/h4>\r\n             <p>University of Warsaw, Poland<\/p> \r\n          <\/div>\r\n\r\n          <div class=\"team_social\">\r\n          <\/div>\r\n\r\n          <div class=\"desc\">       \r\n            <p>Maria Boraty\u0144ska -\u00a0 a lawyer, an academic, proffessor of the University of Warsaw,\u00a0 researcher at the University of Warsaw (Department of Civil Law [...]<\/p>\r\n          <\/div>\r\n\r\n          <div class=\"link\">\r\n            <a href=\"https:\/\/suntextmeetings.com\/pediatric\/profile\/maria-boratynska\/\" data-colorset=\"\" class=\" btn btn-xs btn-primary\">More<\/a>\r\n          <\/div>\r\n\r\n        <\/div>\r\n\r\n      <\/div>\r\n    <\/div>\r\n\r\n\r\n    <div class=\"col-sm-6 col-md-3\">\r\n      <div class=\"team_member teaser_box centered same_height_col \">\r\n        \r\n        <a href=\"https:\/\/suntextmeetings.com\/pediatric\/profile\/marta-edwards\/\" style=\"background-image: url('https:\/\/suntextmeetings.com\/pediatric\/wp-content\/uploads\/sites\/53\/2025\/07\/MARTA-EDWARDS.png')\" data-colorset=\"\" class=\" figure stretchy_wrapper ratio_1-1\"><\/a>\r\n        \r\n        <div class=\"content boxed  with_button \">\r\n\r\n          <div class=\"hgroup\">\r\n            <h4>MARTA EDWARDS<\/h4>\r\n             <p>CEDEP, CIAE Universidad de Chile<\/p> \r\n          <\/div>\r\n\r\n          <div class=\"team_social\">\r\n          <\/div>\r\n\r\n          <div class=\"desc\">       \r\n            <p>Psychologist, Catholic University of Chile, Bachellor of Arts, major Psychology University of California Davis.\u00a0 Investigator at the Center for Studi [...]<\/p>\r\n          <\/div>\r\n\r\n          <div class=\"link\">\r\n            <a href=\"https:\/\/suntextmeetings.com\/pediatric\/profile\/marta-edwards\/\" data-colorset=\"\" class=\" btn btn-xs btn-primary\">More<\/a>\r\n          <\/div>\r\n\r\n        <\/div>\r\n\r\n      <\/div>\r\n    <\/div>\r\n\r\n\r\n    <div class=\"col-sm-6 col-md-3\">\r\n      <div class=\"team_member teaser_box centered same_height_col \">\r\n        \r\n        <a href=\"https:\/\/suntextmeetings.com\/pediatric\/profile\/mitchell-pratt\/\" style=\"background-image: url('https:\/\/suntextmeetings.com\/pediatric\/wp-content\/uploads\/sites\/53\/2025\/10\/PHOTO-1.jpg')\" data-colorset=\"\" class=\" figure stretchy_wrapper ratio_1-1\"><\/a>\r\n        \r\n        <div class=\"content boxed  with_button \">\r\n\r\n          <div class=\"hgroup\">\r\n            <h4>Mitchell Pratt<\/h4>\r\n             <p>School of Medicine, Faculty of Health and Medical Sciences, The University of Western Australia<\/p> \r\n          <\/div>\r\n\r\n          <div class=\"team_social\">\r\n          <\/div>\r\n\r\n          <div class=\"desc\">       \r\n            <p>Dr Mitchell Pratt is a clinical researcher affiliated with the School of Medicine at the University of Western Australia (UWA). His interests centre o [...]<\/p>\r\n          <\/div>\r\n\r\n          <div class=\"link\">\r\n            <a href=\"https:\/\/suntextmeetings.com\/pediatric\/profile\/mitchell-pratt\/\" data-colorset=\"\" class=\" btn btn-xs btn-primary\">More<\/a>\r\n          <\/div>\r\n\r\n        <\/div>\r\n\r\n      <\/div>\r\n    <\/div>\r\n\r\n\r\n    <div class=\"col-sm-6 col-md-3\">\r\n      <div class=\"team_member teaser_box centered same_height_col \">\r\n        \r\n        <a href=\"https:\/\/suntextmeetings.com\/pediatric\/profile\/mohammed-hasosah\/\" style=\"background-image: url('https:\/\/suntextmeetings.com\/pediatric\/wp-content\/uploads\/sites\/53\/2025\/07\/aaa.png')\" data-colorset=\"\" class=\" figure stretchy_wrapper ratio_1-1\"><\/a>\r\n        \r\n        <div class=\"content boxed  with_button \">\r\n\r\n          <div class=\"hgroup\">\r\n            <h4>Mohammed Hasosah<\/h4>\r\n             <p>King Saud Abdul-Aziz University for Health Sciences, Saudi Arabia<\/p> \r\n          <\/div>\r\n\r\n          <div class=\"team_social\">\r\n          <\/div>\r\n\r\n          <div class=\"desc\">       \r\n            <p>Dr. Hasosah is a professor of pediatrics gastroenterology, King Saud Abdulaziz University for health sciences and Head-Section of Pediatric Gastroente [...]<\/p>\r\n          <\/div>\r\n\r\n          <div class=\"link\">\r\n            <a href=\"https:\/\/suntextmeetings.com\/pediatric\/profile\/mohammed-hasosah\/\" data-colorset=\"\" class=\" btn btn-xs btn-primary\">More<\/a>\r\n          <\/div>\r\n\r\n        <\/div>\r\n\r\n      <\/div>\r\n    <\/div>\r\n\r\n\r\n    <div class=\"col-sm-6 col-md-3\">\r\n      <div class=\"team_member teaser_box centered same_height_col \">\r\n        \r\n        <a href=\"https:\/\/suntextmeetings.com\/pediatric\/profile\/sandra-m-ribeiro\/\" style=\"background-image: url('https:\/\/suntextmeetings.com\/pediatric\/wp-content\/uploads\/sites\/53\/2021\/08\/Hani.jpg')\" data-colorset=\"\" class=\" figure stretchy_wrapper ratio_1-1\"><\/a>\r\n        \r\n        <div class=\"content boxed  with_button \">\r\n\r\n          <div class=\"hgroup\">\r\n            <h4>Sandra M. Ribeiro<\/h4>\r\n             <p>CUNY LaGuardia Community College, Queens, NY, USA<\/p> \r\n          <\/div>\r\n\r\n          <div class=\"team_social\">\r\n          <\/div>\r\n\r\n          <div class=\"desc\">       \r\n            <p>Dr. Ribeiro is an Assistant Professor at LaGuardia Community College, specializing in Neurological Rehabilitation, Public Health, and Anatomy and Phys [...]<\/p>\r\n          <\/div>\r\n\r\n          <div class=\"link\">\r\n            <a href=\"https:\/\/suntextmeetings.com\/pediatric\/profile\/sandra-m-ribeiro\/\" data-colorset=\"\" class=\" btn btn-xs btn-primary\">More<\/a>\r\n          <\/div>\r\n\r\n        <\/div>\r\n\r\n      <\/div>\r\n    <\/div>\r\n\r\n\r\n    <div class=\"col-sm-6 col-md-3\">\r\n      <div class=\"team_member teaser_box centered same_height_col \">\r\n        \r\n        <a href=\"https:\/\/suntextmeetings.com\/pediatric\/profile\/swechhya-vaidya\/\" style=\"background-image: url('https:\/\/suntextmeetings.com\/pediatric\/wp-content\/uploads\/sites\/53\/2025\/11\/Photo.jpg')\" data-colorset=\"\" class=\" figure stretchy_wrapper ratio_1-1\"><\/a>\r\n        \r\n        <div class=\"content boxed  with_button \">\r\n\r\n          <div class=\"hgroup\">\r\n            <h4>Swechhya Vaidya<\/h4>\r\n             <p>Amrita Institute of Medical Science &amp; Research Centre, Kochi, Kerala, India<\/p> \r\n          <\/div>\r\n\r\n          <div class=\"team_social\">\r\n          <\/div>\r\n\r\n          <div class=\"desc\">       \r\n            <p>Dr. Swechhya Vaidya is an Assistant Professor in the Department of Community Health Sciences at Patan Academy of Health Sciences, Nepal, and a PhD Sch [...]<\/p>\r\n          <\/div>\r\n\r\n          <div class=\"link\">\r\n            <a href=\"https:\/\/suntextmeetings.com\/pediatric\/profile\/swechhya-vaidya\/\" data-colorset=\"\" class=\" btn btn-xs btn-primary\">More<\/a>\r\n          <\/div>\r\n\r\n        <\/div>\r\n\r\n      <\/div>\r\n    <\/div>\r\n\r\n\r\n    <div class=\"col-sm-6 col-md-3\">\r\n      <div class=\"team_member teaser_box centered same_height_col \">\r\n        \r\n        <a href=\"https:\/\/suntextmeetings.com\/pediatric\/profile\/tasneem-almubayedh\/\" style=\"background-image: url('https:\/\/suntextmeetings.com\/pediatric\/wp-content\/uploads\/sites\/53\/2021\/08\/Hani.jpg')\" data-colorset=\"\" class=\" figure stretchy_wrapper ratio_1-1\"><\/a>\r\n        \r\n        <div class=\"content boxed  with_button \">\r\n\r\n          <div class=\"hgroup\">\r\n            <h4>Tasneem Almubayedh<\/h4>\r\n             <p>Maternity and Children Hospital, Dammam, Saudi Arabia<\/p> \r\n          <\/div>\r\n\r\n          <div class=\"team_social\">\r\n          <\/div>\r\n\r\n          <div class=\"desc\">       \r\n            <p>Dr. Tasneem Almubayedh is a Consultant in Pediatric Infectious Diseases at Maternity and Children Hospital in Dammam, Saudi Arabia. She has been pract [...]<\/p>\r\n          <\/div>\r\n\r\n          <div class=\"link\">\r\n            <a href=\"https:\/\/suntextmeetings.com\/pediatric\/profile\/tasneem-almubayedh\/\" data-colorset=\"\" class=\" btn btn-xs btn-primary\">More<\/a>\r\n          <\/div>\r\n\r\n        <\/div>\r\n\r\n      <\/div>\r\n    <\/div>\r\n\r\n\r\n    <div class=\"col-sm-6 col-md-3\">\r\n      <div class=\"team_member teaser_box centered same_height_col \">\r\n        \r\n        <a href=\"https:\/\/suntextmeetings.com\/pediatric\/profile\/yasin-yildiz\/\" style=\"background-image: url('https:\/\/suntextmeetings.com\/pediatric\/wp-content\/uploads\/sites\/53\/2026\/01\/photo.png')\" data-colorset=\"\" class=\" figure stretchy_wrapper ratio_1-1\"><\/a>\r\n        \r\n        <div class=\"content boxed  with_button \">\r\n\r\n          <div class=\"hgroup\">\r\n            <h4>Yasin Y\u0131ld\u0131z<\/h4>\r\n             <p>Recep Tayyip Erdo\u011fan University, Rize, Turkey<\/p> \r\n          <\/div>\r\n\r\n          <div class=\"team_social\">\r\n          <\/div>\r\n\r\n          <div class=\"desc\">       \r\n            <p>He completed his medical education in 2004 at Karadeniz Technical University, Faculty of Medicine, and his pediatric residency training in 2015 at Hea [...]<\/p>\r\n          <\/div>\r\n\r\n          <div class=\"link\">\r\n            <a href=\"https:\/\/suntextmeetings.com\/pediatric\/profile\/yasin-yildiz\/\" data-colorset=\"\" class=\" btn btn-xs btn-primary\">More<\/a>\r\n          <\/div>\r\n\r\n        <\/div>\r\n\r\n      <\/div>\r\n    <\/div>\r\n\r\n\r\n    <div class=\"col-sm-6 col-md-3\">\r\n      <div class=\"team_member teaser_box centered same_height_col \">\r\n        \r\n        <a href=\"https:\/\/suntextmeetings.com\/pediatric\/profile\/zeana-amer-gawe\/\" style=\"background-image: url('https:\/\/suntextmeetings.com\/pediatric\/wp-content\/uploads\/sites\/53\/2025\/10\/Photo.jpg')\" data-colorset=\"\" class=\" figure stretchy_wrapper ratio_1-1\"><\/a>\r\n        \r\n        <div class=\"content boxed  with_button \">\r\n\r\n          <div class=\"hgroup\">\r\n            <h4>Zeana Amer Gawe<\/h4>\r\n             <p>IBN ALNAFEES HOSPITAL, BAHRAIN<\/p> \r\n          <\/div>\r\n\r\n          <div class=\"team_social\">\r\n          <\/div>\r\n\r\n          <div class=\"desc\">       \r\n            <p>Dr. Zena Amir Ghawi is a Specialist in Anesthesiology sinc 2002, with over two decades of clinical experience spanning Syria, Bahrain, and the Gulf re [...]<\/p>\r\n          <\/div>\r\n\r\n          <div class=\"link\">\r\n            <a href=\"https:\/\/suntextmeetings.com\/pediatric\/profile\/zeana-amer-gawe\/\" data-colorset=\"\" class=\" btn btn-xs btn-primary\">More<\/a>\r\n          <\/div>\r\n\r\n        <\/div>\r\n\r\n      <\/div>\r\n    <\/div>\r\n\r\n                 \r\n<\/div>[\/vc_column][\/vc_row]<\/p>\n","protected":false},"excerpt":{"rendered":"<p>[vc_row full_width=&#8221;0&#8243; full_height=&#8221;0&#8243; row_padding=&#8221;no_padding&#8221; particles=&#8221;0&#8243;][vc_column][\/vc_column][\/vc_row]<\/p>\n","protected":false},"author":1,"featured_media":1926,"parent":0,"menu_order":0,"comment_status":"closed","ping_status":"closed","template":"","meta":{"footnotes":""},"class_list":["post-796","page","type-page","status-publish","has-post-thumbnail","hentry"],"_links":{"self":[{"href":"https:\/\/suntextmeetings.com\/pediatric\/wp-json\/wp\/v2\/pages\/796","targetHints":{"allow":["GET"]}}],"collection":[{"href":"https:\/\/suntextmeetings.com\/pediatric\/wp-json\/wp\/v2\/pages"}],"about":[{"href":"https:\/\/suntextmeetings.com\/pediatric\/wp-json\/wp\/v2\/types\/page"}],"author":[{"embeddable":true,"href":"https:\/\/suntextmeetings.com\/pediatric\/wp-json\/wp\/v2\/users\/1"}],"replies":[{"embeddable":true,"href":"https:\/\/suntextmeetings.com\/pediatric\/wp-json\/wp\/v2\/comments?post=796"}],"version-history":[{"count":128,"href":"https:\/\/suntextmeetings.com\/pediatric\/wp-json\/wp\/v2\/pages\/796\/revisions"}],"predecessor-version":[{"id":2072,"href":"https:\/\/suntextmeetings.com\/pediatric\/wp-json\/wp\/v2\/pages\/796\/revisions\/2072"}],"wp:featuredmedia":[{"embeddable":true,"href":"https:\/\/suntextmeetings.com\/pediatric\/wp-json\/wp\/v2\/media\/1926"}],"wp:attachment":[{"href":"https:\/\/suntextmeetings.com\/pediatric\/wp-json\/wp\/v2\/media?parent=796"}],"curies":[{"name":"wp","href":"https:\/\/api.w.org\/{rel}","templated":true}]}}