{"id":796,"date":"2021-01-11T11:28:33","date_gmt":"2021-01-11T11:28:33","guid":{"rendered":"http:\/\/suntextmeetings.com\/nephrology\/?page_id=796"},"modified":"2024-09-12T06:26:58","modified_gmt":"2024-09-12T06:26:58","slug":"speakers","status":"publish","type":"page","link":"https:\/\/suntextmeetings.com\/pediatric-2024\/speakers\/","title":{"rendered":"Speakers"},"content":{"rendered":"<p>[vc_row full_width=&#8221;0&#8243; full_height=&#8221;0&#8243; row_padding=&#8221;no_padding&#8221; particles=&#8221;0&#8243; css=&#8221;.vc_custom_1610005579159{padding-top: 25px !important;}&#8221;][vc_column]<div class=\"team_members_grid row\">\r\n\r\n\r\n    <div class=\"col-sm-6 col-md-3\">\r\n      <div class=\"team_member teaser_box centered same_height_col \">\r\n        \r\n        <a href=\"https:\/\/suntextmeetings.com\/pediatric-2024\/profile\/alaa-safia\/\" style=\"background-image: url('https:\/\/suntextmeetings.com\/pediatric-2024\/wp-content\/uploads\/sites\/39\/2024\/05\/Alaa-Safia.jpg')\" data-colorset=\"\" class=\" figure stretchy_wrapper ratio_1-1\"><\/a>\r\n        \r\n        <div class=\"content boxed  with_button \">\r\n\r\n          <div class=\"hgroup\">\r\n            <h4>Alaa Safia<\/h4>\r\n             <p>Otolaryngology Department, Ziv Medical Center, Safed, Israel<\/p> \r\n          <\/div>\r\n\r\n          <div class=\"team_social\">\r\n          <\/div>\r\n\r\n          <div class=\"desc\">       \r\n            <p><\/p>\r\n          <\/div>\r\n\r\n          <div class=\"link\">\r\n            <a href=\"https:\/\/suntextmeetings.com\/pediatric-2024\/profile\/alaa-safia\/\" data-colorset=\"\" class=\" btn btn-xs btn-primary\">More<\/a>\r\n          <\/div>\r\n\r\n        <\/div>\r\n\r\n      <\/div>\r\n    <\/div>\r\n\r\n\r\n    <div class=\"col-sm-6 col-md-3\">\r\n      <div class=\"team_member teaser_box centered same_height_col \">\r\n        \r\n        <a href=\"https:\/\/suntextmeetings.com\/pediatric-2024\/profile\/ayala-raviv\/\" style=\"background-image: url('https:\/\/suntextmeetings.com\/pediatric-2024\/wp-content\/uploads\/sites\/39\/2024\/06\/Ayala-Raviv14-680x1024.jpg')\" data-colorset=\"\" class=\" figure stretchy_wrapper ratio_1-1\"><\/a>\r\n        \r\n        <div class=\"content boxed  with_button \">\r\n\r\n          <div class=\"hgroup\">\r\n            <h4>Ayala Raviv<\/h4>\r\n             <p>Hamadat academic college of education in Netivot, Israel<\/p> \r\n          <\/div>\r\n\r\n          <div class=\"team_social\">\r\n          <\/div>\r\n\r\n          <div class=\"desc\">       \r\n            <p><\/p>\r\n          <\/div>\r\n\r\n          <div class=\"link\">\r\n            <a href=\"https:\/\/suntextmeetings.com\/pediatric-2024\/profile\/ayala-raviv\/\" data-colorset=\"\" class=\" btn btn-xs btn-primary\">More<\/a>\r\n          <\/div>\r\n\r\n        <\/div>\r\n\r\n      <\/div>\r\n    <\/div>\r\n\r\n\r\n    <div class=\"col-sm-6 col-md-3\">\r\n      <div class=\"team_member teaser_box centered same_height_col \">\r\n        \r\n        <a href=\"https:\/\/suntextmeetings.com\/pediatric-2024\/profile\/barkhad-adan-abdeeq\/\" style=\"background-image: url('https:\/\/suntextmeetings.com\/pediatric-2024\/wp-content\/uploads\/sites\/39\/2024\/03\/Barkhad-Adan-Abdeeq-Somalia-733x1024.jpg')\" data-colorset=\"\" class=\" figure stretchy_wrapper ratio_1-1\"><\/a>\r\n        \r\n        <div class=\"content boxed  with_button \">\r\n\r\n          <div class=\"hgroup\">\r\n            <h4>Barkhad Adan Abdeeq<\/h4>\r\n             <p>Health Programme Assistant at Save the Children International, Hargeisa Office. Northern of Somalia<\/p> \r\n          <\/div>\r\n\r\n          <div class=\"team_social\">\r\n          <\/div>\r\n\r\n          <div class=\"desc\">       \r\n            <p><\/p>\r\n          <\/div>\r\n\r\n          <div class=\"link\">\r\n            <a href=\"https:\/\/suntextmeetings.com\/pediatric-2024\/profile\/barkhad-adan-abdeeq\/\" data-colorset=\"\" class=\" btn btn-xs btn-primary\">More<\/a>\r\n          <\/div>\r\n\r\n        <\/div>\r\n\r\n      <\/div>\r\n    <\/div>\r\n\r\n\r\n    <div class=\"col-sm-6 col-md-3\">\r\n      <div class=\"team_member teaser_box centered same_height_col \">\r\n        \r\n        <a href=\"https:\/\/suntextmeetings.com\/pediatric-2024\/profile\/buse-baykoca-arslan\/\" style=\"background-image: url('https:\/\/suntextmeetings.com\/pediatric-2024\/wp-content\/uploads\/sites\/39\/2021\/08\/Hani.jpg')\" data-colorset=\"\" class=\" figure stretchy_wrapper ratio_1-1\"><\/a>\r\n        \r\n        <div class=\"content boxed  with_button \">\r\n\r\n          <div class=\"hgroup\">\r\n            <h4>Buse Baykoca-Arslan<\/h4>\r\n             <p>Advent Health Orlando Children\u2019s Hospital \u2013 Department of Pediatrics<\/p> \r\n          <\/div>\r\n\r\n          <div class=\"team_social\">\r\n          <\/div>\r\n\r\n          <div class=\"desc\">       \r\n            <p><\/p>\r\n          <\/div>\r\n\r\n          <div class=\"link\">\r\n            <a href=\"https:\/\/suntextmeetings.com\/pediatric-2024\/profile\/buse-baykoca-arslan\/\" data-colorset=\"\" class=\" btn btn-xs btn-primary\">More<\/a>\r\n          <\/div>\r\n\r\n        <\/div>\r\n\r\n      <\/div>\r\n    <\/div>\r\n\r\n\r\n    <div class=\"col-sm-6 col-md-3\">\r\n      <div class=\"team_member teaser_box centered same_height_col \">\r\n        \r\n        <a href=\"https:\/\/suntextmeetings.com\/pediatric-2024\/profile\/jennifer-katherine-canarte-mero\/\" style=\"background-image: url('https:\/\/suntextmeetings.com\/pediatric-2024\/wp-content\/uploads\/sites\/39\/2024\/06\/Image-1.jpg')\" data-colorset=\"\" class=\" figure stretchy_wrapper ratio_1-1\"><\/a>\r\n        \r\n        <div class=\"content boxed  with_button \">\r\n\r\n          <div class=\"hgroup\">\r\n            <h4>Jennifer Katherine Ca\u00f1arte Mero<\/h4>\r\n             <p>Pediatric Dermatology Service Specialty Hospital Pediatric (HEP), Maracaibo, Zulia, Venezuela<\/p> \r\n          <\/div>\r\n\r\n          <div class=\"team_social\">\r\n          <\/div>\r\n\r\n          <div class=\"desc\">       \r\n            <p><\/p>\r\n          <\/div>\r\n\r\n          <div class=\"link\">\r\n            <a href=\"https:\/\/suntextmeetings.com\/pediatric-2024\/profile\/jennifer-katherine-canarte-mero\/\" data-colorset=\"\" class=\" btn btn-xs btn-primary\">More<\/a>\r\n          <\/div>\r\n\r\n        <\/div>\r\n\r\n      <\/div>\r\n    <\/div>\r\n\r\n\r\n    <div class=\"col-sm-6 col-md-3\">\r\n      <div class=\"team_member teaser_box centered same_height_col \">\r\n        \r\n        <a href=\"https:\/\/suntextmeetings.com\/pediatric-2024\/profile\/margaret-a-uchefuna\/\" style=\"background-image: url('https:\/\/suntextmeetings.com\/pediatric-2024\/wp-content\/uploads\/sites\/39\/2024\/07\/80ac0a48-5f70-4ddc-8e76-f2fd5590e885.jpeg')\" data-colorset=\"\" class=\" figure stretchy_wrapper ratio_1-1\"><\/a>\r\n        \r\n        <div class=\"content boxed  with_button \">\r\n\r\n          <div class=\"hgroup\">\r\n            <h4>Margaret A. Uchefuna<\/h4>\r\n             <p>Pediatrics Resident in New York <\/p> \r\n          <\/div>\r\n\r\n          <div class=\"team_social\">\r\n          <\/div>\r\n\r\n          <div class=\"desc\">       \r\n            <p><\/p>\r\n          <\/div>\r\n\r\n          <div class=\"link\">\r\n            <a href=\"https:\/\/suntextmeetings.com\/pediatric-2024\/profile\/margaret-a-uchefuna\/\" data-colorset=\"\" class=\" btn btn-xs btn-primary\">More<\/a>\r\n          <\/div>\r\n\r\n        <\/div>\r\n\r\n      <\/div>\r\n    <\/div>\r\n\r\n\r\n    <div class=\"col-sm-6 col-md-3\">\r\n      <div class=\"team_member teaser_box centered same_height_col \">\r\n        \r\n        <a href=\"https:\/\/suntextmeetings.com\/pediatric-2024\/profile\/monica-quiros-mata\/\" style=\"background-image: url('https:\/\/suntextmeetings.com\/pediatric-2024\/wp-content\/uploads\/sites\/39\/2024\/05\/IMG_4679-768x1024.jpeg')\" data-colorset=\"\" class=\" figure stretchy_wrapper ratio_1-1\"><\/a>\r\n        \r\n        <div class=\"content boxed  with_button \">\r\n\r\n          <div class=\"hgroup\">\r\n            <h4>Monica Quir\u00f3s-Mata<\/h4>\r\n             <p>Rafael \u00c1ngel Calder\u00f3n Guardia Hospital. San Jos\u00e9, Costa Rica <\/p> \r\n          <\/div>\r\n\r\n          <div class=\"team_social\">\r\n          <\/div>\r\n\r\n          <div class=\"desc\">       \r\n            <p><\/p>\r\n          <\/div>\r\n\r\n          <div class=\"link\">\r\n            <a href=\"https:\/\/suntextmeetings.com\/pediatric-2024\/profile\/monica-quiros-mata\/\" data-colorset=\"\" class=\" btn btn-xs btn-primary\">More<\/a>\r\n          <\/div>\r\n\r\n        <\/div>\r\n\r\n      <\/div>\r\n    <\/div>\r\n\r\n\r\n    <div class=\"col-sm-6 col-md-3\">\r\n      <div class=\"team_member teaser_box centered same_height_col \">\r\n        \r\n        <a href=\"https:\/\/suntextmeetings.com\/pediatric-2024\/profile\/nathalya-goncalves-dos-santos\/\" style=\"background-image: url('https:\/\/suntextmeetings.com\/pediatric-2024\/wp-content\/uploads\/sites\/39\/2024\/07\/Phot-1001x1024.jpg')\" data-colorset=\"\" class=\" figure stretchy_wrapper ratio_1-1\"><\/a>\r\n        \r\n        <div class=\"content boxed  with_button \">\r\n\r\n          <div class=\"hgroup\">\r\n            <h4>Nathalya Gon\u00e7alves dos Santos<\/h4>\r\n             <p>Federal University of Mato Grosso - UFMT<\/p> \r\n          <\/div>\r\n\r\n          <div class=\"team_social\">\r\n          <\/div>\r\n\r\n          <div class=\"desc\">       \r\n            <p><\/p>\r\n          <\/div>\r\n\r\n          <div class=\"link\">\r\n            <a href=\"https:\/\/suntextmeetings.com\/pediatric-2024\/profile\/nathalya-goncalves-dos-santos\/\" data-colorset=\"\" class=\" btn btn-xs btn-primary\">More<\/a>\r\n          <\/div>\r\n\r\n        <\/div>\r\n\r\n      <\/div>\r\n    <\/div>\r\n\r\n\r\n    <div class=\"col-sm-6 col-md-3\">\r\n      <div class=\"team_member teaser_box centered same_height_col \">\r\n        \r\n        <a href=\"https:\/\/suntextmeetings.com\/pediatric-2024\/profile\/ping-li\/\" style=\"background-image: url('https:\/\/suntextmeetings.com\/pediatric-2024\/wp-content\/uploads\/sites\/39\/2024\/04\/Photo.png')\" data-colorset=\"\" class=\" figure stretchy_wrapper ratio_1-1\"><\/a>\r\n        \r\n        <div class=\"content boxed  with_button \">\r\n\r\n          <div class=\"hgroup\">\r\n            <h4>Ping Li<\/h4>\r\n             <p>West China Second University Hospital, China<\/p> \r\n          <\/div>\r\n\r\n          <div class=\"team_social\">\r\n          <\/div>\r\n\r\n          <div class=\"desc\">       \r\n            <p><\/p>\r\n          <\/div>\r\n\r\n          <div class=\"link\">\r\n            <a href=\"https:\/\/suntextmeetings.com\/pediatric-2024\/profile\/ping-li\/\" data-colorset=\"\" class=\" btn btn-xs btn-primary\">More<\/a>\r\n          <\/div>\r\n\r\n        <\/div>\r\n\r\n      <\/div>\r\n    <\/div>\r\n\r\n\r\n    <div class=\"col-sm-6 col-md-3\">\r\n      <div class=\"team_member teaser_box centered same_height_col \">\r\n        \r\n        <a href=\"https:\/\/suntextmeetings.com\/pediatric-2024\/profile\/reda-el-bayoumy\/\" style=\"background-image: url('https:\/\/suntextmeetings.com\/pediatric-2024\/wp-content\/uploads\/sites\/39\/2024\/05\/WhatsApp-Image-2023-08-22-at-6.36.07-PM.jpeg')\" data-colorset=\"\" class=\" figure stretchy_wrapper ratio_1-1\"><\/a>\r\n        \r\n        <div class=\"content boxed  with_button \">\r\n\r\n          <div class=\"hgroup\">\r\n            <h4>REDA EL BAYOUMY<\/h4>\r\n             <p>Basildon University NHS Hospital, United Kingdom<\/p> \r\n          <\/div>\r\n\r\n          <div class=\"team_social\">\r\n          <\/div>\r\n\r\n          <div class=\"desc\">       \r\n            <p><\/p>\r\n          <\/div>\r\n\r\n          <div class=\"link\">\r\n            <a href=\"https:\/\/suntextmeetings.com\/pediatric-2024\/profile\/reda-el-bayoumy\/\" data-colorset=\"\" class=\" btn btn-xs btn-primary\">More<\/a>\r\n          <\/div>\r\n\r\n        <\/div>\r\n\r\n      <\/div>\r\n    <\/div>\r\n\r\n\r\n    <div class=\"col-sm-6 col-md-3\">\r\n      <div class=\"team_member teaser_box centered same_height_col \">\r\n        \r\n        <a href=\"https:\/\/suntextmeetings.com\/pediatric-2024\/profile\/riboldi-lorenzo\/\" style=\"background-image: url('https:\/\/suntextmeetings.com\/pediatric-2024\/wp-content\/uploads\/sites\/39\/2024\/05\/0be06f1e-4996-4ada-9f3a-94f2f594b137.jpg')\" data-colorset=\"\" class=\" figure stretchy_wrapper ratio_1-1\"><\/a>\r\n        \r\n        <div class=\"content boxed  with_button \">\r\n\r\n          <div class=\"hgroup\">\r\n            <h4>Riboldi Lorenzo<\/h4>\r\n             <p>University of Turin<\/p> \r\n          <\/div>\r\n\r\n          <div class=\"team_social\">\r\n          <\/div>\r\n\r\n          <div class=\"desc\">       \r\n            <p><\/p>\r\n          <\/div>\r\n\r\n          <div class=\"link\">\r\n            <a href=\"https:\/\/suntextmeetings.com\/pediatric-2024\/profile\/riboldi-lorenzo\/\" data-colorset=\"\" class=\" btn btn-xs btn-primary\">More<\/a>\r\n          <\/div>\r\n\r\n        <\/div>\r\n\r\n      <\/div>\r\n    <\/div>\r\n\r\n\r\n    <div class=\"col-sm-6 col-md-3\">\r\n      <div class=\"team_member teaser_box centered same_height_col \">\r\n        \r\n        <a href=\"https:\/\/suntextmeetings.com\/pediatric-2024\/profile\/rupavathana-mahesparan\/\" style=\"background-image: url('https:\/\/suntextmeetings.com\/pediatric-2024\/wp-content\/uploads\/sites\/39\/2024\/03\/Ruby-Mahesparan.jpg')\" data-colorset=\"\" class=\" figure stretchy_wrapper ratio_1-1\"><\/a>\r\n        \r\n        <div class=\"content boxed  with_button \">\r\n\r\n          <div class=\"hgroup\">\r\n            <h4>Rupavathana Mahesparan<\/h4>\r\n             <p>Head of the department of Neuruosurgery, University of Bergen Bergen, Norway <\/p> \r\n          <\/div>\r\n\r\n          <div class=\"team_social\">\r\n          <\/div>\r\n\r\n          <div class=\"desc\">       \r\n            <p><\/p>\r\n          <\/div>\r\n\r\n          <div class=\"link\">\r\n            <a href=\"https:\/\/suntextmeetings.com\/pediatric-2024\/profile\/rupavathana-mahesparan\/\" data-colorset=\"\" class=\" btn btn-xs btn-primary\">More<\/a>\r\n          <\/div>\r\n\r\n        <\/div>\r\n\r\n      <\/div>\r\n    <\/div>\r\n\r\n\r\n    <div class=\"col-sm-6 col-md-3\">\r\n      <div class=\"team_member teaser_box centered same_height_col \">\r\n        \r\n        <a href=\"https:\/\/suntextmeetings.com\/pediatric-2024\/profile\/samuel-menahem\/\" style=\"background-image: url('https:\/\/suntextmeetings.com\/pediatric-2024\/wp-content\/uploads\/sites\/39\/2024\/08\/Image.jpg')\" data-colorset=\"\" class=\" figure stretchy_wrapper ratio_1-1\"><\/a>\r\n        \r\n        <div class=\"content boxed  with_button \">\r\n\r\n          <div class=\"hgroup\">\r\n            <h4>Samuel Menahem<\/h4>\r\n             <p>Royal Children\u2019s Hospital and Monash Medical Centre, Melbourne.<\/p> \r\n          <\/div>\r\n\r\n          <div class=\"team_social\">\r\n          <\/div>\r\n\r\n          <div class=\"desc\">       \r\n            <p><\/p>\r\n          <\/div>\r\n\r\n          <div class=\"link\">\r\n            <a href=\"https:\/\/suntextmeetings.com\/pediatric-2024\/profile\/samuel-menahem\/\" data-colorset=\"\" class=\" btn btn-xs btn-primary\">More<\/a>\r\n          <\/div>\r\n\r\n        <\/div>\r\n\r\n      <\/div>\r\n    <\/div>\r\n\r\n\r\n    <div class=\"col-sm-6 col-md-3\">\r\n      <div class=\"team_member teaser_box centered same_height_col \">\r\n        \r\n        <a href=\"https:\/\/suntextmeetings.com\/pediatric-2024\/profile\/vimolmas-tansathitaya\/\" style=\"background-image: url('https:\/\/suntextmeetings.com\/pediatric-2024\/wp-content\/uploads\/sites\/39\/2024\/05\/Photo-1.png')\" data-colorset=\"\" class=\" figure stretchy_wrapper ratio_1-1\"><\/a>\r\n        \r\n        <div class=\"content boxed  with_button \">\r\n\r\n          <div class=\"hgroup\">\r\n            <h4>Vimolmas Tansathitaya<\/h4>\r\n             <p>Thailand's Mahidol University's College of Sports Science and Technology<\/p> \r\n          <\/div>\r\n\r\n          <div class=\"team_social\">\r\n          <\/div>\r\n\r\n          <div class=\"desc\">       \r\n            <p><\/p>\r\n          <\/div>\r\n\r\n          <div class=\"link\">\r\n            <a href=\"https:\/\/suntextmeetings.com\/pediatric-2024\/profile\/vimolmas-tansathitaya\/\" data-colorset=\"\" class=\" btn btn-xs btn-primary\">More<\/a>\r\n          <\/div>\r\n\r\n        <\/div>\r\n\r\n      <\/div>\r\n    <\/div>\r\n\r\n\r\n    <div class=\"col-sm-6 col-md-3\">\r\n      <div class=\"team_member teaser_box centered same_height_col \">\r\n        \r\n        <a href=\"https:\/\/suntextmeetings.com\/pediatric-2024\/profile\/yasar-ucak\/\" style=\"background-image: url('https:\/\/suntextmeetings.com\/pediatric-2024\/wp-content\/uploads\/sites\/39\/2024\/03\/WhatsApp-Image-2024-03-26-at-12.47.26-PM.jpeg')\" data-colorset=\"\" class=\" figure stretchy_wrapper ratio_1-1\"><\/a>\r\n        \r\n        <div class=\"content boxed  with_button \">\r\n\r\n          <div class=\"hgroup\">\r\n            <h4>Ya\u015far U\u00e7ak<\/h4>\r\n             <p>Karatay Counseling Research Center in Konya, Turkey<\/p> \r\n          <\/div>\r\n\r\n          <div class=\"team_social\">\r\n          <\/div>\r\n\r\n          <div class=\"desc\">       \r\n            <p><\/p>\r\n          <\/div>\r\n\r\n          <div class=\"link\">\r\n            <a href=\"https:\/\/suntextmeetings.com\/pediatric-2024\/profile\/yasar-ucak\/\" data-colorset=\"\" class=\" btn btn-xs btn-primary\">More<\/a>\r\n          <\/div>\r\n\r\n        <\/div>\r\n\r\n      <\/div>\r\n    <\/div>\r\n\r\n\r\n    <div class=\"col-sm-6 col-md-3\">\r\n      <div class=\"team_member teaser_box centered same_height_col \">\r\n        \r\n        <a href=\"https:\/\/suntextmeetings.com\/pediatric-2024\/profile\/zainab-jasim-mohammed\/\" style=\"background-image: url('https:\/\/suntextmeetings.com\/pediatric-2024\/wp-content\/uploads\/sites\/39\/2024\/07\/Capture.jpg')\" data-colorset=\"\" class=\" figure stretchy_wrapper ratio_1-1\"><\/a>\r\n        \r\n        <div class=\"content boxed  with_button \">\r\n\r\n          <div class=\"hgroup\">\r\n            <h4>Zainab Jasim Mohammed<\/h4>\r\n             <p>Basrah Specialized Hospital for Children<\/p> \r\n          <\/div>\r\n\r\n          <div class=\"team_social\">\r\n          <\/div>\r\n\r\n          <div class=\"desc\">       \r\n            <p><\/p>\r\n          <\/div>\r\n\r\n          <div class=\"link\">\r\n            <a href=\"https:\/\/suntextmeetings.com\/pediatric-2024\/profile\/zainab-jasim-mohammed\/\" data-colorset=\"\" class=\" btn btn-xs btn-primary\">More<\/a>\r\n          <\/div>\r\n\r\n        <\/div>\r\n\r\n      <\/div>\r\n    <\/div>\r\n\r\n\r\n    <div class=\"col-sm-6 col-md-3\">\r\n      <div class=\"team_member teaser_box centered same_height_col \">\r\n        \r\n        <a href=\"https:\/\/suntextmeetings.com\/pediatric-2024\/profile\/zoila-farinas-falcon\/\" style=\"background-image: url('https:\/\/suntextmeetings.com\/pediatric-2024\/wp-content\/uploads\/sites\/39\/2024\/05\/1714593694321.jpg')\" data-colorset=\"\" class=\" figure stretchy_wrapper ratio_1-1\"><\/a>\r\n        \r\n        <div class=\"content boxed  with_button \">\r\n\r\n          <div class=\"hgroup\">\r\n            <h4>Zoila Fari\u00f1as Falcon<\/h4>\r\n             <p>Higher Institute of Medical Sciences of Villa Clara<\/p> \r\n          <\/div>\r\n\r\n          <div class=\"team_social\">\r\n          <\/div>\r\n\r\n          <div class=\"desc\">       \r\n            <p><\/p>\r\n          <\/div>\r\n\r\n          <div class=\"link\">\r\n            <a href=\"https:\/\/suntextmeetings.com\/pediatric-2024\/profile\/zoila-farinas-falcon\/\" data-colorset=\"\" class=\" btn btn-xs btn-primary\">More<\/a>\r\n          <\/div>\r\n\r\n        <\/div>\r\n\r\n      <\/div>\r\n    <\/div>\r\n\r\n                 \r\n<\/div>[\/vc_column][vc_column][\/vc_column][\/vc_row]<\/p>\n","protected":false},"excerpt":{"rendered":"<p>[vc_row full_width=&#8221;0&#8243; full_height=&#8221;0&#8243; row_padding=&#8221;no_padding&#8221; particles=&#8221;0&#8243; css=&#8221;.vc_custom_1610005579159{padding-top: 25px !important;}&#8221;][vc_column][\/vc_column][vc_column][\/vc_column][\/vc_row]<\/p>\n","protected":false},"author":1,"featured_media":1849,"parent":0,"menu_order":0,"comment_status":"closed","ping_status":"closed","template":"","meta":{"footnotes":""},"class_list":["post-796","page","type-page","status-publish","has-post-thumbnail","hentry"],"_links":{"self":[{"href":"https:\/\/suntextmeetings.com\/pediatric-2024\/wp-json\/wp\/v2\/pages\/796","targetHints":{"allow":["GET"]}}],"collection":[{"href":"https:\/\/suntextmeetings.com\/pediatric-2024\/wp-json\/wp\/v2\/pages"}],"about":[{"href":"https:\/\/suntextmeetings.com\/pediatric-2024\/wp-json\/wp\/v2\/types\/page"}],"author":[{"embeddable":true,"href":"https:\/\/suntextmeetings.com\/pediatric-2024\/wp-json\/wp\/v2\/users\/1"}],"replies":[{"embeddable":true,"href":"https:\/\/suntextmeetings.com\/pediatric-2024\/wp-json\/wp\/v2\/comments?post=796"}],"version-history":[{"count":118,"href":"https:\/\/suntextmeetings.com\/pediatric-2024\/wp-json\/wp\/v2\/pages\/796\/revisions"}],"predecessor-version":[{"id":1471,"href":"https:\/\/suntextmeetings.com\/pediatric-2024\/wp-json\/wp\/v2\/pages\/796\/revisions\/1471"}],"wp:featuredmedia":[{"embeddable":true,"href":"https:\/\/suntextmeetings.com\/pediatric-2024\/wp-json\/wp\/v2\/media\/1849"}],"wp:attachment":[{"href":"https:\/\/suntextmeetings.com\/pediatric-2024\/wp-json\/wp\/v2\/media?parent=796"}],"curies":[{"name":"wp","href":"https:\/\/api.w.org\/{rel}","templated":true}]}}