{"id":796,"date":"2021-01-11T11:28:33","date_gmt":"2021-01-11T11:28:33","guid":{"rendered":"http:\/\/suntextmeetings.com\/nephrology\/?page_id=796"},"modified":"2022-01-26T10:39:23","modified_gmt":"2022-01-26T10:39:23","slug":"speakers","status":"publish","type":"page","link":"https:\/\/suntextmeetings.com\/dentalscience-2022\/speakers\/","title":{"rendered":"Speakers"},"content":{"rendered":"<p>[vc_row full_width=&#8221;0&#8243; full_height=&#8221;0&#8243; row_padding=&#8221;no_padding&#8221; particles=&#8221;0&#8243; css=&#8221;.vc_custom_1610005579159{padding-top: 25px !important;}&#8221;][vc_column]<div class=\"team_members_grid row\">\r\n\r\n\r\n    <div class=\"col-sm-6 col-md-3\">\r\n      <div class=\"team_member teaser_box centered same_height_col \">\r\n        \r\n        <a href=\"https:\/\/suntextmeetings.com\/dentalscience-2022\/profile\/attogbain-patrice-kouame\/\" style=\"background-image: url('https:\/\/suntextmeetings.com\/dentalscience-2022\/wp-content\/uploads\/sites\/13\/2021\/12\/ATTOGBAIN-PATRICE-KOUAME-photo.jpg')\" data-colorset=\"\" class=\" figure stretchy_wrapper ratio_1-1\"><\/a>\r\n        \r\n        <div class=\"content boxed  with_button \">\r\n\r\n          <div class=\"hgroup\">\r\n            <h4>ATTOGBAIN PATRICE KOUAME<\/h4>\r\n             <p>Universit\u00e9 F\u00e9lix Houphou\u00ebt-Boigny<\/p> \r\n          <\/div>\r\n\r\n          <div class=\"team_social\">\r\n          <\/div>\r\n\r\n          <div class=\"desc\">       \r\n            <p><\/p>\r\n          <\/div>\r\n\r\n          <div class=\"link\">\r\n            <a href=\"https:\/\/suntextmeetings.com\/dentalscience-2022\/profile\/attogbain-patrice-kouame\/\" data-colorset=\"\" class=\" btn btn-xs btn-primary\">More<\/a>\r\n          <\/div>\r\n\r\n        <\/div>\r\n\r\n      <\/div>\r\n    <\/div>\r\n\r\n\r\n    <div class=\"col-sm-6 col-md-3\">\r\n      <div class=\"team_member teaser_box centered same_height_col \">\r\n        \r\n        <a href=\"https:\/\/suntextmeetings.com\/dentalscience-2022\/profile\/aymen-aburwais\/\" style=\"background-image: url('https:\/\/suntextmeetings.com\/dentalscience-2022\/wp-content\/uploads\/sites\/13\/2021\/12\/photo-1024x768.jpg')\" data-colorset=\"\" class=\" figure stretchy_wrapper ratio_1-1\"><\/a>\r\n        \r\n        <div class=\"content boxed  with_button \">\r\n\r\n          <div class=\"hgroup\">\r\n            <h4>Aymen Aburwais<\/h4>\r\n             <p>Misurata University,Libya<\/p> \r\n          <\/div>\r\n\r\n          <div class=\"team_social\">\r\n          <\/div>\r\n\r\n          <div class=\"desc\">       \r\n            <p><\/p>\r\n          <\/div>\r\n\r\n          <div class=\"link\">\r\n            <a href=\"https:\/\/suntextmeetings.com\/dentalscience-2022\/profile\/aymen-aburwais\/\" data-colorset=\"\" class=\" btn btn-xs btn-primary\">More<\/a>\r\n          <\/div>\r\n\r\n        <\/div>\r\n\r\n      <\/div>\r\n    <\/div>\r\n\r\n\r\n    <div class=\"col-sm-6 col-md-3\">\r\n      <div class=\"team_member teaser_box centered same_height_col \">\r\n        \r\n        <a href=\"https:\/\/suntextmeetings.com\/dentalscience-2022\/profile\/deema-m-alwohaibi\/\" style=\"background-image: url('https:\/\/suntextmeetings.com\/dentalscience-2022\/wp-content\/uploads\/sites\/13\/2021\/11\/Deema-M.-Alwohaibi.jpg')\" data-colorset=\"\" class=\" figure stretchy_wrapper ratio_1-1\"><\/a>\r\n        \r\n        <div class=\"content boxed  with_button \">\r\n\r\n          <div class=\"hgroup\">\r\n            <h4>Deema M Alwohaibi<\/h4>\r\n             <p>Riyadh Elm University, Saudi Arabia<\/p> \r\n          <\/div>\r\n\r\n          <div class=\"team_social\">\r\n          <\/div>\r\n\r\n          <div class=\"desc\">       \r\n            <p><\/p>\r\n          <\/div>\r\n\r\n          <div class=\"link\">\r\n            <a href=\"https:\/\/suntextmeetings.com\/dentalscience-2022\/profile\/deema-m-alwohaibi\/\" data-colorset=\"\" class=\" btn btn-xs btn-primary\">More<\/a>\r\n          <\/div>\r\n\r\n        <\/div>\r\n\r\n      <\/div>\r\n    <\/div>\r\n\r\n\r\n    <div class=\"col-sm-6 col-md-3\">\r\n      <div class=\"team_member teaser_box centered same_height_col \">\r\n        \r\n        <a href=\"https:\/\/suntextmeetings.com\/dentalscience-2022\/profile\/enmanuel-david-parra-boscan\/\" style=\"background-image: url('https:\/\/suntextmeetings.com\/dentalscience-2022\/wp-content\/uploads\/sites\/13\/2021\/09\/emmanuel.jpg')\" data-colorset=\"\" class=\" figure stretchy_wrapper ratio_1-1\"><\/a>\r\n        \r\n        <div class=\"content boxed  with_button \">\r\n\r\n          <div class=\"hgroup\">\r\n            <h4>Enmanuel David Parra Bosc\u00e1n<\/h4>\r\n             <p>Oral Surgeon. School of Dentistry. Universidad del Zulia. Venezuela<\/p> \r\n          <\/div>\r\n\r\n          <div class=\"team_social\">\r\n          <\/div>\r\n\r\n          <div class=\"desc\">       \r\n            <p><\/p>\r\n          <\/div>\r\n\r\n          <div class=\"link\">\r\n            <a href=\"https:\/\/suntextmeetings.com\/dentalscience-2022\/profile\/enmanuel-david-parra-boscan\/\" data-colorset=\"\" class=\" btn btn-xs btn-primary\">More<\/a>\r\n          <\/div>\r\n\r\n        <\/div>\r\n\r\n      <\/div>\r\n    <\/div>\r\n\r\n\r\n    <div class=\"col-sm-6 col-md-3\">\r\n      <div class=\"team_member teaser_box centered same_height_col \">\r\n        \r\n        <a href=\"https:\/\/suntextmeetings.com\/dentalscience-2022\/profile\/farzaneh-lal-alizadeh\/\" style=\"background-image: url('https:\/\/suntextmeetings.com\/dentalscience-2022\/wp-content\/uploads\/sites\/13\/2022\/01\/image.jpg')\" data-colorset=\"\" class=\" figure stretchy_wrapper ratio_1-1\"><\/a>\r\n        \r\n        <div class=\"content boxed  with_button \">\r\n\r\n          <div class=\"hgroup\">\r\n            <h4>Farzaneh lal alizadeh<\/h4>\r\n             <p>Mashhad University of Medical Sciences, Iran<\/p> \r\n          <\/div>\r\n\r\n          <div class=\"team_social\">\r\n          <\/div>\r\n\r\n          <div class=\"desc\">       \r\n            <p><\/p>\r\n          <\/div>\r\n\r\n          <div class=\"link\">\r\n            <a href=\"https:\/\/suntextmeetings.com\/dentalscience-2022\/profile\/farzaneh-lal-alizadeh\/\" data-colorset=\"\" class=\" btn btn-xs btn-primary\">More<\/a>\r\n          <\/div>\r\n\r\n        <\/div>\r\n\r\n      <\/div>\r\n    <\/div>\r\n\r\n\r\n    <div class=\"col-sm-6 col-md-3\">\r\n      <div class=\"team_member teaser_box centered same_height_col \">\r\n        \r\n        <a href=\"https:\/\/suntextmeetings.com\/dentalscience-2022\/profile\/juan-pablo-nino-de-guzman-zamalloa\/\" style=\"background-image: url('https:\/\/suntextmeetings.com\/dentalscience-2022\/wp-content\/uploads\/sites\/13\/2021\/10\/pic-1024x770.jpg')\" data-colorset=\"\" class=\" figure stretchy_wrapper ratio_1-1\"><\/a>\r\n        \r\n        <div class=\"content boxed  with_button \">\r\n\r\n          <div class=\"hgroup\">\r\n            <h4>JUAN PABLO NI\u00d1O DE GUZM\u00c1N ZAMALLOA<\/h4>\r\n             <p>Independent practice, Per\u00fa<\/p> \r\n          <\/div>\r\n\r\n          <div class=\"team_social\">\r\n          <\/div>\r\n\r\n          <div class=\"desc\">       \r\n            <p><\/p>\r\n          <\/div>\r\n\r\n          <div class=\"link\">\r\n            <a href=\"https:\/\/suntextmeetings.com\/dentalscience-2022\/profile\/juan-pablo-nino-de-guzman-zamalloa\/\" data-colorset=\"\" class=\" btn btn-xs btn-primary\">More<\/a>\r\n          <\/div>\r\n\r\n        <\/div>\r\n\r\n      <\/div>\r\n    <\/div>\r\n\r\n\r\n    <div class=\"col-sm-6 col-md-3\">\r\n      <div class=\"team_member teaser_box centered same_height_col \">\r\n        \r\n        <a href=\"https:\/\/suntextmeetings.com\/dentalscience-2022\/profile\/karime-alonzo-plaza-de-los-reyes\/\" style=\"background-image: url('https:\/\/suntextmeetings.com\/dentalscience-2022\/wp-content\/uploads\/sites\/13\/2021\/11\/Karime-Alonzo-Plaza-de-los-Reyes-682x1024.jpg')\" data-colorset=\"\" class=\" figure stretchy_wrapper ratio_1-1\"><\/a>\r\n        \r\n        <div class=\"content boxed  with_button \">\r\n\r\n          <div class=\"hgroup\">\r\n            <h4>Karime Alonzo Plaza de los Reyes<\/h4>\r\n             <p>University of Development, Chile<\/p> \r\n          <\/div>\r\n\r\n          <div class=\"team_social\">\r\n          <\/div>\r\n\r\n          <div class=\"desc\">       \r\n            <p><\/p>\r\n          <\/div>\r\n\r\n          <div class=\"link\">\r\n            <a href=\"https:\/\/suntextmeetings.com\/dentalscience-2022\/profile\/karime-alonzo-plaza-de-los-reyes\/\" data-colorset=\"\" class=\" btn btn-xs btn-primary\">More<\/a>\r\n          <\/div>\r\n\r\n        <\/div>\r\n\r\n      <\/div>\r\n    <\/div>\r\n\r\n\r\n    <div class=\"col-sm-6 col-md-3\">\r\n      <div class=\"team_member teaser_box centered same_height_col \">\r\n        \r\n        <a href=\"https:\/\/suntextmeetings.com\/dentalscience-2022\/profile\/manuela-arnaud\/\" style=\"background-image: url('https:\/\/suntextmeetings.com\/dentalscience-2022\/wp-content\/uploads\/sites\/13\/2021\/11\/h-576x1024.jpg')\" data-colorset=\"\" class=\" figure stretchy_wrapper ratio_1-1\"><\/a>\r\n        \r\n        <div class=\"content boxed  with_button \">\r\n\r\n          <div class=\"hgroup\">\r\n            <h4>Manuela Arnaud<\/h4>\r\n             <p>Department of Pediatric Dentistry, University of Pernambuco, Brazil. <\/p> \r\n          <\/div>\r\n\r\n          <div class=\"team_social\">\r\n          <\/div>\r\n\r\n          <div class=\"desc\">       \r\n            <p><\/p>\r\n          <\/div>\r\n\r\n          <div class=\"link\">\r\n            <a href=\"https:\/\/suntextmeetings.com\/dentalscience-2022\/profile\/manuela-arnaud\/\" data-colorset=\"\" class=\" btn btn-xs btn-primary\">More<\/a>\r\n          <\/div>\r\n\r\n        <\/div>\r\n\r\n      <\/div>\r\n    <\/div>\r\n\r\n\r\n    <div class=\"col-sm-6 col-md-3\">\r\n      <div class=\"team_member teaser_box centered same_height_col \">\r\n        \r\n        <a href=\"https:\/\/suntextmeetings.com\/dentalscience-2022\/profile\/mohamed-sharaf\/\" style=\"background-image: url('https:\/\/suntextmeetings.com\/dentalscience-2022\/wp-content\/uploads\/sites\/13\/2022\/01\/2-754x1024.jpg')\" data-colorset=\"\" class=\" figure stretchy_wrapper ratio_1-1\"><\/a>\r\n        \r\n        <div class=\"content boxed  with_button \">\r\n\r\n          <div class=\"hgroup\">\r\n            <h4>Mohamed sharaf<\/h4>\r\n             <p>Lecturer of prosthetic dentistry, Menoufia University ,Egypt<\/p> \r\n          <\/div>\r\n\r\n          <div class=\"team_social\">\r\n          <\/div>\r\n\r\n          <div class=\"desc\">       \r\n            <p><\/p>\r\n          <\/div>\r\n\r\n          <div class=\"link\">\r\n            <a href=\"https:\/\/suntextmeetings.com\/dentalscience-2022\/profile\/mohamed-sharaf\/\" data-colorset=\"\" class=\" btn btn-xs btn-primary\">More<\/a>\r\n          <\/div>\r\n\r\n        <\/div>\r\n\r\n      <\/div>\r\n    <\/div>\r\n\r\n\r\n    <div class=\"col-sm-6 col-md-3\">\r\n      <div class=\"team_member teaser_box centered same_height_col \">\r\n        \r\n        <a href=\"https:\/\/suntextmeetings.com\/dentalscience-2022\/profile\/natalia-o-santos\/\" style=\"background-image: url('https:\/\/suntextmeetings.com\/dentalscience-2022\/wp-content\/uploads\/sites\/13\/2021\/10\/natalia.jpg')\" data-colorset=\"\" class=\" figure stretchy_wrapper ratio_1-1\"><\/a>\r\n        \r\n        <div class=\"content boxed  with_button \">\r\n\r\n          <div class=\"hgroup\">\r\n            <h4>Natalia O. Santos<\/h4>\r\n             <p>Dentist Surgeon By Universidad Nacional Aut\u00f3noma De M\u00e9xico<\/p> \r\n          <\/div>\r\n\r\n          <div class=\"team_social\">\r\n          <\/div>\r\n\r\n          <div class=\"desc\">       \r\n            <p><\/p>\r\n          <\/div>\r\n\r\n          <div class=\"link\">\r\n            <a href=\"https:\/\/suntextmeetings.com\/dentalscience-2022\/profile\/natalia-o-santos\/\" data-colorset=\"\" class=\" btn btn-xs btn-primary\">More<\/a>\r\n          <\/div>\r\n\r\n        <\/div>\r\n\r\n      <\/div>\r\n    <\/div>\r\n\r\n\r\n    <div class=\"col-sm-6 col-md-3\">\r\n      <div class=\"team_member teaser_box centered same_height_col \">\r\n        \r\n        <a href=\"https:\/\/suntextmeetings.com\/dentalscience-2022\/profile\/m-s-vargas\/\" style=\"background-image: url('https:\/\/suntextmeetings.com\/dentalscience-2022\/wp-content\/uploads\/sites\/13\/2021\/11\/IMG-20211107-WA0128-766x1024.jpg')\" data-colorset=\"\" class=\" figure stretchy_wrapper ratio_1-1\"><\/a>\r\n        \r\n        <div class=\"content boxed  with_button \">\r\n\r\n          <div class=\"hgroup\">\r\n            <h4>Nicol\u00e1s Solano<\/h4>\r\n             <p> Oral Surgery Postgraduate  Program, University of Zulia, Maracaibo, Venezuela<\/p> \r\n          <\/div>\r\n\r\n          <div class=\"team_social\">\r\n          <\/div>\r\n\r\n          <div class=\"desc\">       \r\n            <p><\/p>\r\n          <\/div>\r\n\r\n          <div class=\"link\">\r\n            <a href=\"https:\/\/suntextmeetings.com\/dentalscience-2022\/profile\/m-s-vargas\/\" data-colorset=\"\" class=\" btn btn-xs btn-primary\">More<\/a>\r\n          <\/div>\r\n\r\n        <\/div>\r\n\r\n      <\/div>\r\n    <\/div>\r\n\r\n\r\n    <div class=\"col-sm-6 col-md-3\">\r\n      <div class=\"team_member teaser_box centered same_height_col \">\r\n        \r\n        <a href=\"https:\/\/suntextmeetings.com\/dentalscience-2022\/profile\/robert-stanley\/\" style=\"background-image: url('https:\/\/suntextmeetings.com\/dentalscience-2022\/wp-content\/uploads\/sites\/13\/2021\/12\/Robert-Stanley-Headshot-1024x1024.jpg')\" data-colorset=\"\" class=\" figure stretchy_wrapper ratio_1-1\"><\/a>\r\n        \r\n        <div class=\"content boxed  with_button \">\r\n\r\n          <div class=\"hgroup\">\r\n            <h4>Robert Stanley<\/h4>\r\n             <p>Dentist & Co-founder of Stanley Dentistry<\/p> \r\n          <\/div>\r\n\r\n          <div class=\"team_social\">\r\n          <\/div>\r\n\r\n          <div class=\"desc\">       \r\n            <p><\/p>\r\n          <\/div>\r\n\r\n          <div class=\"link\">\r\n            <a href=\"https:\/\/suntextmeetings.com\/dentalscience-2022\/profile\/robert-stanley\/\" data-colorset=\"\" class=\" btn btn-xs btn-primary\">More<\/a>\r\n          <\/div>\r\n\r\n        <\/div>\r\n\r\n      <\/div>\r\n    <\/div>\r\n\r\n\r\n    <div class=\"col-sm-6 col-md-3\">\r\n      <div class=\"team_member teaser_box centered same_height_col \">\r\n        \r\n        <a href=\"https:\/\/suntextmeetings.com\/dentalscience-2022\/profile\/sandra-viviana-caceres-matta\/\" style=\"background-image: url('https:\/\/suntextmeetings.com\/dentalscience-2022\/wp-content\/uploads\/sites\/13\/2021\/10\/picture.jpg')\" data-colorset=\"\" class=\" figure stretchy_wrapper ratio_1-1\"><\/a>\r\n        \r\n        <div class=\"content boxed  with_button \">\r\n\r\n          <div class=\"hgroup\">\r\n            <h4>Sandra Viviana C\u00e1ceres Matta<\/h4>\r\n             <p>Rafael Nu\u00f1ez University Corporation, Colombia<\/p> \r\n          <\/div>\r\n\r\n          <div class=\"team_social\">\r\n          <\/div>\r\n\r\n          <div class=\"desc\">       \r\n            <p><\/p>\r\n          <\/div>\r\n\r\n          <div class=\"link\">\r\n            <a href=\"https:\/\/suntextmeetings.com\/dentalscience-2022\/profile\/sandra-viviana-caceres-matta\/\" data-colorset=\"\" class=\" btn btn-xs btn-primary\">More<\/a>\r\n          <\/div>\r\n\r\n        <\/div>\r\n\r\n      <\/div>\r\n    <\/div>\r\n\r\n\r\n    <div class=\"col-sm-6 col-md-3\">\r\n      <div class=\"team_member teaser_box centered same_height_col \">\r\n        \r\n        <a href=\"https:\/\/suntextmeetings.com\/dentalscience-2022\/profile\/sarah-al-sharefy\/\" style=\"background-image: url('https:\/\/suntextmeetings.com\/dentalscience-2022\/wp-content\/uploads\/sites\/13\/2021\/10\/picture.png')\" data-colorset=\"\" class=\" figure stretchy_wrapper ratio_1-1\"><\/a>\r\n        \r\n        <div class=\"content boxed  with_button \">\r\n\r\n          <div class=\"hgroup\">\r\n            <h4>SARAH AL.SHAREFY<\/h4>\r\n             <p>Department of Conservative Dentistry, Iraq<\/p> \r\n          <\/div>\r\n\r\n          <div class=\"team_social\">\r\n          <\/div>\r\n\r\n          <div class=\"desc\">       \r\n            <p><\/p>\r\n          <\/div>\r\n\r\n          <div class=\"link\">\r\n            <a href=\"https:\/\/suntextmeetings.com\/dentalscience-2022\/profile\/sarah-al-sharefy\/\" data-colorset=\"\" class=\" btn btn-xs btn-primary\">More<\/a>\r\n          <\/div>\r\n\r\n        <\/div>\r\n\r\n      <\/div>\r\n    <\/div>\r\n\r\n\r\n    <div class=\"col-sm-6 col-md-3\">\r\n      <div class=\"team_member teaser_box centered same_height_col \">\r\n        \r\n        <a href=\"https:\/\/suntextmeetings.com\/dentalscience-2022\/profile\/yaniris-figueroa-cespedes\/\" style=\"background-image: url('https:\/\/suntextmeetings.com\/dentalscience-2022\/wp-content\/uploads\/sites\/13\/2022\/01\/Yaniris-Figueroa-Cespedes.jpg')\" data-colorset=\"\" class=\" figure stretchy_wrapper ratio_1-1\"><\/a>\r\n        \r\n        <div class=\"content boxed  with_button \">\r\n\r\n          <div class=\"hgroup\">\r\n            <h4>Yaniris Figueroa C\u00e9spedes<\/h4>\r\n             <p>Havana Dentistry School , CUBA<\/p> \r\n          <\/div>\r\n\r\n          <div class=\"team_social\">\r\n          <\/div>\r\n\r\n          <div class=\"desc\">       \r\n            <p><\/p>\r\n          <\/div>\r\n\r\n          <div class=\"link\">\r\n            <a href=\"https:\/\/suntextmeetings.com\/dentalscience-2022\/profile\/yaniris-figueroa-cespedes\/\" data-colorset=\"\" class=\" btn btn-xs btn-primary\">More<\/a>\r\n          <\/div>\r\n\r\n        <\/div>\r\n\r\n      <\/div>\r\n    <\/div>\r\n\r\n\r\n    <div class=\"col-sm-6 col-md-3\">\r\n      <div class=\"team_member teaser_box centered same_height_col \">\r\n        \r\n        <a href=\"https:\/\/suntextmeetings.com\/dentalscience-2022\/profile\/zoheir-mirzajani\/\" style=\"background-image: url('https:\/\/suntextmeetings.com\/dentalscience-2022\/wp-content\/uploads\/sites\/13\/2021\/12\/WhatsApp-Image-2021-12-10-at-3.16.14-AM.jpeg')\" data-colorset=\"\" class=\" figure stretchy_wrapper ratio_1-1\"><\/a>\r\n        \r\n        <div class=\"content boxed  with_button \">\r\n\r\n          <div class=\"hgroup\">\r\n            <h4>Zoheir mirzajani<\/h4>\r\n             <p>University of Medical Sciences, Tehran, Iran<\/p> \r\n          <\/div>\r\n\r\n          <div class=\"team_social\">\r\n          <\/div>\r\n\r\n          <div class=\"desc\">       \r\n            <p><\/p>\r\n          <\/div>\r\n\r\n          <div class=\"link\">\r\n            <a href=\"https:\/\/suntextmeetings.com\/dentalscience-2022\/profile\/zoheir-mirzajani\/\" data-colorset=\"\" class=\" btn btn-xs btn-primary\">More<\/a>\r\n          <\/div>\r\n\r\n        <\/div>\r\n\r\n      <\/div>\r\n    <\/div>\r\n\r\n                 \r\n<\/div>[\/vc_column][\/vc_row]<\/p>\n","protected":false},"excerpt":{"rendered":"<p>[vc_row full_width=&#8221;0&#8243; full_height=&#8221;0&#8243; row_padding=&#8221;no_padding&#8221; particles=&#8221;0&#8243; css=&#8221;.vc_custom_1610005579159{padding-top: 25px !important;}&#8221;][vc_column][\/vc_column][\/vc_row]<\/p>\n","protected":false},"author":1,"featured_media":1315,"parent":0,"menu_order":0,"comment_status":"closed","ping_status":"closed","template":"","meta":{"footnotes":""},"class_list":["post-796","page","type-page","status-publish","has-post-thumbnail","hentry"],"_links":{"self":[{"href":"https:\/\/suntextmeetings.com\/dentalscience-2022\/wp-json\/wp\/v2\/pages\/796","targetHints":{"allow":["GET"]}}],"collection":[{"href":"https:\/\/suntextmeetings.com\/dentalscience-2022\/wp-json\/wp\/v2\/pages"}],"about":[{"href":"https:\/\/suntextmeetings.com\/dentalscience-2022\/wp-json\/wp\/v2\/types\/page"}],"author":[{"embeddable":true,"href":"https:\/\/suntextmeetings.com\/dentalscience-2022\/wp-json\/wp\/v2\/users\/1"}],"replies":[{"embeddable":true,"href":"https:\/\/suntextmeetings.com\/dentalscience-2022\/wp-json\/wp\/v2\/comments?post=796"}],"version-history":[{"count":62,"href":"https:\/\/suntextmeetings.com\/dentalscience-2022\/wp-json\/wp\/v2\/pages\/796\/revisions"}],"predecessor-version":[{"id":1446,"href":"https:\/\/suntextmeetings.com\/dentalscience-2022\/wp-json\/wp\/v2\/pages\/796\/revisions\/1446"}],"wp:featuredmedia":[{"embeddable":true,"href":"https:\/\/suntextmeetings.com\/dentalscience-2022\/wp-json\/wp\/v2\/media\/1315"}],"wp:attachment":[{"href":"https:\/\/suntextmeetings.com\/dentalscience-2022\/wp-json\/wp\/v2\/media?parent=796"}],"curies":[{"name":"wp","href":"https:\/\/api.w.org\/{rel}","templated":true}]}}